{"id":402,"date":"2024-02-16T01:03:48","date_gmt":"2024-02-16T01:03:48","guid":{"rendered":"https:\/\/gpsites.co\/solar\/?page_id=402"},"modified":"2026-04-11T07:15:09","modified_gmt":"2026-04-11T07:15:09","slug":"services","status":"publish","type":"page","link":"https:\/\/pfdtekstil.com\/index.php\/services\/","title":{"rendered":"Products"},"content":{"rendered":"<div class=\"gb-container gb-container-f75655ba\">\n<div class=\"gb-container gb-container-558ee340\">\n<div class=\"gb-container gb-container-3165593a\">\n\n<h3 class=\"gb-headline gb-headline-bff72dec gb-headline-text\"><strong>Products and <\/strong>serv\u0131ces<\/h3>\n\n\n\n<h2 class=\"gb-headline gb-headline-42020178 gb-headline-text\">Catalogue<\/h2>\n\n\n\n<p class=\"gb-headline gb-headline-2e0cf62a gb-headline-text\">Besides our qualities available at our catalogue, we can also manufacture custom fabrics as you desire<\/p>\n\n\n<div class=\"gb-grid-wrapper gb-grid-wrapper-2bf5ddb7\">\n<div class=\"gb-grid-column gb-grid-column-a4b5cd2e\"><div class=\"gb-container gb-container-a4b5cd2e\">\n\n<h5 class=\"gb-headline gb-headline-b8d93b26 gb-headline-text\">SHIRTING FABRICS<\/h5>\n\n\n<div class=\"gb-container gb-container-d6dccb69\">\n\n<a class=\"gb-button gb-button-3898b100\" href=\"https:\/\/pfdtekstil.com\/index.php\/shirting\/\" target=\"_blank\" rel=\"noopener noreferrer\"><span class=\"gb-button-text\">Learn more<\/span><span class=\"gb-icon\"><svg aria-hidden=\"true\" role=\"img\" height=\"1em\" width=\"1em\" viewBox=\"0 0 256 512\" xmlns=\"http:\/\/www.w3.org\/2000\/svg\"><path fill=\"currentColor\" d=\"M224.3 273l-136 136c-9.4 9.4-24.6 9.4-33.9 0l-22.6-22.6c-9.4-9.4-9.4-24.6 0-33.9l96.4-96.4-96.4-96.4c-9.4-9.4-9.4-24.6 0-33.9L54.3 103c9.4-9.4 24.6-9.4 33.9 0l136 136c9.5 9.4 9.5 24.6.1 34z\"><\/path><\/svg><\/span><\/a>\n\n<\/div>\n<\/div><\/div>\n\n<div class=\"gb-grid-column gb-grid-column-2189687a\"><div class=\"gb-container gb-container-2189687a\">\n\n<h5 class=\"gb-headline gb-headline-bce23a6e gb-headline-text\"><span class=\"gb-headline-text\">Jacquard fabr\u0131cs<\/span><\/h5>\n\n\n<div class=\"gb-container gb-container-ad1e0dab\">\n\n<a class=\"gb-button gb-button-bcafc19d\" href=\"#\"><span class=\"gb-button-text\">Learn more<\/span><span class=\"gb-icon\"><svg aria-hidden=\"true\" role=\"img\" height=\"1em\" width=\"1em\" viewBox=\"0 0 256 512\" xmlns=\"http:\/\/www.w3.org\/2000\/svg\"><path fill=\"currentColor\" d=\"M224.3 273l-136 136c-9.4 9.4-24.6 9.4-33.9 0l-22.6-22.6c-9.4-9.4-9.4-24.6 0-33.9l96.4-96.4-96.4-96.4c-9.4-9.4-9.4-24.6 0-33.9L54.3 103c9.4-9.4 24.6-9.4 33.9 0l136 136c9.5 9.4 9.5 24.6.1 34z\"><\/path><\/svg><\/span><\/a>\n\n<\/div>\n<\/div><\/div>\n\n<div class=\"gb-grid-column gb-grid-column-6a373d73\"><div class=\"gb-container gb-container-6a373d73\">\n\n<h5 class=\"gb-headline gb-headline-3f40e469 gb-headline-text\"><span class=\"gb-headline-text\">pocket\u0131ng fabr\u0131cs<\/span><\/h5>\n\n\n<div class=\"gb-container gb-container-7ffb97e8\">\n\n<a class=\"gb-button gb-button-3ecddb80\" href=\"#\"><span class=\"gb-button-text\">Learn more<\/span><span class=\"gb-icon\"><svg aria-hidden=\"true\" role=\"img\" height=\"1em\" width=\"1em\" viewBox=\"0 0 256 512\" xmlns=\"http:\/\/www.w3.org\/2000\/svg\"><path fill=\"currentColor\" d=\"M224.3 273l-136 136c-9.4 9.4-24.6 9.4-33.9 0l-22.6-22.6c-9.4-9.4-9.4-24.6 0-33.9l96.4-96.4-96.4-96.4c-9.4-9.4-9.4-24.6 0-33.9L54.3 103c9.4-9.4 24.6-9.4 33.9 0l136 136c9.5 9.4 9.5 24.6.1 34z\"><\/path><\/svg><\/span><\/a>\n\n<\/div>\n<\/div><\/div>\n\n<div class=\"gb-grid-column gb-grid-column-da1e1a18\"><div class=\"gb-container gb-container-da1e1a18\">\n\n<h5 class=\"gb-headline gb-headline-fb10956b gb-headline-text\"><span class=\"gb-headline-text\">knitted fabr\u0131cs<\/span><\/h5>\n\n\n<div class=\"gb-container gb-container-5158367c\">\n\n<a class=\"gb-button gb-button-24b6fa85\" href=\"#\"><span class=\"gb-button-text\">Learn more<\/span><span class=\"gb-icon\"><svg aria-hidden=\"true\" role=\"img\" height=\"1em\" width=\"1em\" viewBox=\"0 0 256 512\" xmlns=\"http:\/\/www.w3.org\/2000\/svg\"><path fill=\"currentColor\" d=\"M224.3 273l-136 136c-9.4 9.4-24.6 9.4-33.9 0l-22.6-22.6c-9.4-9.4-9.4-24.6 0-33.9l96.4-96.4-96.4-96.4c-9.4-9.4-9.4-24.6 0-33.9L54.3 103c9.4-9.4 24.6-9.4 33.9 0l136 136c9.5 9.4 9.5 24.6.1 34z\"><\/path><\/svg><\/span><\/a>\n\n<\/div>\n<\/div><\/div>\n\n<div class=\"gb-grid-column gb-grid-column-71b0d441\"><div class=\"gb-container gb-container-71b0d441\">\n\n<h5 class=\"gb-headline gb-headline-97b0cf53 gb-headline-text\"><span class=\"gb-headline-text\">wa\u0131stband curta\u0131ns<\/span><\/h5>\n\n\n<div class=\"gb-container gb-container-be168a49\">\n\n<a class=\"gb-button gb-button-427c9b25\" href=\"#\"><span class=\"gb-button-text\">Learn more<\/span><span class=\"gb-icon\"><svg aria-hidden=\"true\" role=\"img\" height=\"1em\" width=\"1em\" viewBox=\"0 0 256 512\" xmlns=\"http:\/\/www.w3.org\/2000\/svg\"><path fill=\"currentColor\" d=\"M224.3 273l-136 136c-9.4 9.4-24.6 9.4-33.9 0l-22.6-22.6c-9.4-9.4-9.4-24.6 0-33.9l96.4-96.4-96.4-96.4c-9.4-9.4-9.4-24.6 0-33.9L54.3 103c9.4-9.4 24.6-9.4 33.9 0l136 136c9.5 9.4 9.5 24.6.1 34z\"><\/path><\/svg><\/span><\/a>\n\n<\/div>\n<\/div><\/div>\n\n<div class=\"gb-grid-column gb-grid-column-51bbd91d\"><div class=\"gb-container gb-container-51bbd91d\">\n\n<h5 class=\"gb-headline gb-headline-3ea340fd gb-headline-text\"><span class=\"gb-headline-text\">l\u0131n\u0131ng fabr\u0131cs<\/span><\/h5>\n\n\n<div class=\"gb-container gb-container-a65d0d61\">\n\n<a class=\"gb-button gb-button-dc7ec7ad\" href=\"https:\/\/pfdtekstil.com\/index.php\/linings\/\"><span class=\"gb-button-text\">Learn more<\/span><span class=\"gb-icon\"><svg aria-hidden=\"true\" role=\"img\" height=\"1em\" width=\"1em\" viewBox=\"0 0 256 512\" xmlns=\"http:\/\/www.w3.org\/2000\/svg\"><path fill=\"currentColor\" d=\"M224.3 273l-136 136c-9.4 9.4-24.6 9.4-33.9 0l-22.6-22.6c-9.4-9.4-9.4-24.6 0-33.9l96.4-96.4-96.4-96.4c-9.4-9.4-9.4-24.6 0-33.9L54.3 103c9.4-9.4 24.6-9.4 33.9 0l136 136c9.5 9.4 9.5 24.6.1 34z\"><\/path><\/svg><\/span><\/a>\n\n<\/div>\n<\/div><\/div>\n<\/div>\n<\/div>\n<\/div>\n<\/div>\n\n<div class=\"gb-container gb-container-10a597ad\">\n<div class=\"gb-container gb-container-a47507eb\">\n<div class=\"gb-container gb-container-91b80099\">\n\n<h3 class=\"gb-headline gb-headline-ca3b80ca gb-headline-text\">Why Choose US<\/h3>\n\n<\/div>\n\n<div class=\"gb-grid-wrapper gb-grid-wrapper-bd309838\">\n<div class=\"gb-grid-column gb-grid-column-19374ae6\"><div class=\"gb-container gb-container-19374ae6\">\n\n<h5 class=\"gb-headline gb-headline-9a14f6a3\"><span class=\"gb-icon\"><svg aria-hidden=\"true\" role=\"img\" height=\"1em\" width=\"1em\" viewBox=\"0 0 512 512\" xmlns=\"http:\/\/www.w3.org\/2000\/svg\"><path fill=\"currentColor\" d=\"M173.898 439.404l-166.4-166.4c-9.997-9.997-9.997-26.206 0-36.204l36.203-36.204c9.997-9.998 26.207-9.998 36.204 0L192 312.69 432.095 72.596c9.997-9.997 26.207-9.997 36.204 0l36.203 36.204c9.997 9.997 9.997 26.206 0 36.204l-294.4 294.401c-9.998 9.997-26.207 9.997-36.204-.001z\"><\/path><\/svg><\/span><span class=\"gb-headline-text\"><strong>ready stock opt\u0131ons<\/strong><\/span><\/h5>\n\n<\/div><\/div>\n\n<div class=\"gb-grid-column gb-grid-column-6280ce37\"><div class=\"gb-container gb-container-6280ce37\">\n\n<h5 class=\"gb-headline gb-headline-c3ea94cd\"><span class=\"gb-icon\"><svg aria-hidden=\"true\" role=\"img\" height=\"1em\" width=\"1em\" viewBox=\"0 0 640 512\" xmlns=\"http:\/\/www.w3.org\/2000\/svg\"><path fill=\"currentColor\" d=\"M497.941 225.941L286.059 14.059A48 48 0 0 0 252.118 0H48C21.49 0 0 21.49 0 48v204.118a48 48 0 0 0 14.059 33.941l211.882 211.882c18.744 18.745 49.136 18.746 67.882 0l204.118-204.118c18.745-18.745 18.745-49.137 0-67.882zM112 160c-26.51 0-48-21.49-48-48s21.49-48 48-48 48 21.49 48 48-21.49 48-48 48zm513.941 133.823L421.823 497.941c-18.745 18.745-49.137 18.745-67.882 0l-.36-.36L527.64 323.522c16.999-16.999 26.36-39.6 26.36-63.64s-9.362-46.641-26.36-63.64L331.397 0h48.721a48 48 0 0 1 33.941 14.059l211.882 211.882c18.745 18.745 18.745 49.137 0 67.882z\"><\/path><\/svg><\/span><span class=\"gb-headline-text\">Customized and optimized Solutions<\/span><\/h5>\n\n<\/div><\/div>\n\n<div class=\"gb-grid-column gb-grid-column-f292e71f\"><div class=\"gb-container gb-container-f292e71f\">\n\n<h5 class=\"gb-headline gb-headline-1aa514ff\"><span class=\"gb-icon\"><svg aria-hidden=\"true\" role=\"img\" height=\"1em\" width=\"1em\" viewBox=\"0 0 512 512\" xmlns=\"http:\/\/www.w3.org\/2000\/svg\"><path fill=\"currentColor\" d=\"M440 6.5L24 246.4c-34.4 19.9-31.1 70.8 5.7 85.9L144 379.6V464c0 46.4 59.2 65.5 86.6 28.6l43.8-59.1 111.9 46.2c5.9 2.4 12.1 3.6 18.3 3.6 8.2 0 16.3-2.1 23.6-6.2 12.8-7.2 21.6-20 23.9-34.5l59.4-387.2c6.1-40.1-36.9-68.8-71.5-48.9zM192 464v-64.6l36.6 15.1L192 464zm212.6-28.7l-153.8-63.5L391 169.5c10.7-15.5-9.5-33.5-23.7-21.2L155.8 332.6 48 288 464 48l-59.4 387.3z\"><\/path><\/svg><\/span><span class=\"gb-headline-text\"><strong>fast fash\u0131on del\u0131very<\/strong><\/span><\/h5>\n\n<\/div><\/div>\n<\/div>\n<\/div>\n<\/div>\n\n<div class=\"gb-container gb-container-3bdf2a68\"><\/div>","protected":false},"excerpt":{"rendered":"<p>Products and serv\u0131ces Catalogue Besides our qualities available at our catalogue, we can also manufacture custom fabrics as you desire Why Choose US<\/p>\n","protected":false},"author":1,"featured_media":19,"parent":0,"menu_order":0,"comment_status":"closed","ping_status":"closed","template":"","meta":{"footnotes":""},"class_list":["post-402","page","type-page","status-publish","has-post-thumbnail"],"_links":{"self":[{"href":"https:\/\/pfdtekstil.com\/index.php\/wp-json\/wp\/v2\/pages\/402","targetHints":{"allow":["GET"]}}],"collection":[{"href":"https:\/\/pfdtekstil.com\/index.php\/wp-json\/wp\/v2\/pages"}],"about":[{"href":"https:\/\/pfdtekstil.com\/index.php\/wp-json\/wp\/v2\/types\/page"}],"author":[{"embeddable":true,"href":"https:\/\/pfdtekstil.com\/index.php\/wp-json\/wp\/v2\/users\/1"}],"replies":[{"embeddable":true,"href":"https:\/\/pfdtekstil.com\/index.php\/wp-json\/wp\/v2\/comments?post=402"}],"version-history":[{"count":14,"href":"https:\/\/pfdtekstil.com\/index.php\/wp-json\/wp\/v2\/pages\/402\/revisions"}],"predecessor-version":[{"id":5822,"href":"https:\/\/pfdtekstil.com\/index.php\/wp-json\/wp\/v2\/pages\/402\/revisions\/5822"}],"wp:featuredmedia":[{"embeddable":true,"href":"https:\/\/pfdtekstil.com\/index.php\/wp-json\/wp\/v2\/media\/19"}],"wp:attachment":[{"href":"https:\/\/pfdtekstil.com\/index.php\/wp-json\/wp\/v2\/media?parent=402"}],"curies":[{"name":"wp","href":"https:\/\/api.w.org\/{rel}","templated":true}]}}