{"id":5654,"date":"2025-03-25T22:13:51","date_gmt":"2025-03-25T22:13:51","guid":{"rendered":"https:\/\/pfdtekstil.com\/?page_id=5654"},"modified":"2025-08-17T13:14:23","modified_gmt":"2025-08-17T13:14:23","slug":"calculator","status":"publish","type":"page","link":"https:\/\/pfdtekstil.com\/index.php\/calculator\/","title":{"rendered":"Calculator"},"content":{"rendered":"\n<!--  -->\n\n<!--  -->\n<head>\n<meta http-equiv=\"Content-Type\" content=\"text\/html; charset=utf-8\">\n<title>\u0130plik Numara Hesaplama ve D\u00f6n\u00fc\u015f\u00fcm Tablosu<\/title>\n<script type=\"text\/javascript\" src=\"https:\/\/pfdtekstil.com\/calc\/ajax\/libs\/jquery\/1.8.2\/jquery.min.js\"><\/script>\n<style type=\"text\/css\">\n.dar {\n\twidth:72px;\n\theight:20px;\n\t\n}\nlabel {\n\tfont-size:13px;\n\tfont-weight:bold;\n\tcolor:#000;\t\n}\nfieldset {\n\tbackground-color:#fff;\n\ttext-align:center;\n\tcolor:#000;\n}\ninput{\n\ttext-align:center;\n\t}\nbody {\n  background: #F2F0ED url('templates\/dd_sosassy_19\/images\/page.png') scroll;\n  background: url('templates\/dd_sosassy_19\/images\/pageglare.html') top center no-repeat, linear-gradient(top, rgba(159, 145, 122, 0.17) 0, rgba(255, 255, 255, 0.47) 1050px) no-repeat, url('templates\/dd_sosassy_19\/images\/page.png'), linear-gradient(top, #BDB3A3 0, #FDFDFC 1050px) no-repeat;\n  background: url('templates\/dd_sosassy_19\/images\/pageglare.html') top center no-repeat, -webkit-linear-gradient(top, rgba(159, 145, 122, 0.17) 0, rgba(255, 255, 255, 0.47) 1050px) no-repeat, url('templates\/dd_sosassy_19\/images\/page.png'), -webkit-linear-gradient(top, #BDB3A3 0, #FDFDFC 1050px) no-repeat;\n  background: url('templates\/dd_sosassy_19\/images\/pageglare.html') top center no-repeat, -moz-linear-gradient(top, rgba(159, 145, 122, 0.17) 0, rgba(255, 255, 255, 0.47) 1050px) no-repeat, url('templates\/dd_sosassy_19\/images\/page.png'), -moz-linear-gradient(top, #BDB3A3 0, #FDFDFC 1050px) no-repeat;\n  background: url('templates\/dd_sosassy_19\/images\/pageglare.html') top center no-repeat, -o-linear-gradient(top, rgba(159, 145, 122, 0.17) 0, rgba(255, 255, 255, 0.47) 1050px) no-repeat, url('templates\/dd_sosassy_19\/images\/page.png'), -o-linear-gradient(top, #BDB3A3 0, #FDFDFC 1050px) no-repeat;\n  background: url('templates\/dd_sosassy_19\/images\/pageglare.html') top center no-repeat, -ms-linear-gradient(top, rgba(159, 145, 122, 0.17) 0, rgba(255, 255, 255, 0.47) 1050px) no-repeat, url('templates\/dd_sosassy_19\/images\/page.png'), -ms-linear-gradient(top, #BDB3A3 0, #FDFDFC 1050px) no-repeat;\n  background: url('templates\/dd_sosassy_19\/images\/pageglare.html') top center no-repeat, linear-gradient(top, rgba(159, 145, 122, 0.17) 0, rgba(255, 255, 255, 0.47) 1050px) no-repeat, url('templates\/dd_sosassy_19\/images\/page.png'), linear-gradient(top, #BDB3A3 0, #FDFDFC 1050px) no-repeat;\n  margin: 0 auto;\n  position: relative;\n  width: 100%;\n}\n<\/style>\n\n\n<script type=\"text\/javascript\">\n\nfunction ipliknotemizle(){\n\t$('#ipuzunluk').val('');\n\t\n\t$('#ipagirlik').val('');\n\t\n\t$('#nm').val('');\n\t\t\t\t\n\t$('#ne').val('');\n\t\t\t\t\n\t$('#nf').val('');\n\t\t\t\t\n\t$('#nel').val('');\n\t\t\t\t\n\t$('#nek').val('');\n\t\t\t\t\n\t$('#neW').val('');\n\t\t\t\t\n\t$('#tex').val('');\n\t\t\t\t\n\t$('#dtex').val('');\n\t\t\t\t\n\t$('#denye').val('');\n\t\n}\n\nfunction ipliknotemizle2(){\n\t\n\t\n\t$('#nm2').val('');\n\t\t\t\t\n\t$('#ne2').val('');\n\t\t\t\t\n\t$('#nf2').val('');\n\t\t\t\t\n\t$('#nel2').val('');\n\t\t\t\t\n\t$('#nek2').val('');\n\t\t\t\t\n\t$('#neW2').val('');\n\t\t\t\t\n\t$('#tex2').val('');\n\t\t\t\t\n\t$('#dtex2').val('');\n\t\t\t\t\n\t$('#denye2').val('');\n\t\n}\n\nfunction ipliknohesap () {\n\nipuzunluk = $('#ipuzunluk').val();\nipagirlik = $('#ipagirlik').val();\n\nif ( ipagirlik != \"\" &&  ipuzunluk != \"\")\n{\n\n\t\t\t\tipuzunluk = ipuzunluk.replace(\",\", \".\");\n\t\t\t\tipagirlik = ipagirlik.replace(\",\", \".\");\n                nm_deger = Number(ipuzunluk \/ ipagirlik \/ 100);\n\n\t\t\t\t$('#nm').val(nm_deger);\n\t\t\t\t\n\t\t\t\t$('#ne').val(0.59 *nm_deger);\n\t\t\t\t\n\t\t\t\t$('#nf').val(0.5 *nm_deger);\n\t\t\t\t\n\t\t\t\t$('#nel').val(1.654 *nm_deger);\n\t\t\t\t\n\t\t\t\t$('#nek').val(0.886 *nm_deger);\n\t\t\t\t\n\t\t\t\t$('#neW').val(1.938 *nm_deger);\n\t\t\t\t\n\t\t\t\t$('#tex').val(1000 \/nm_deger);\n\t\t\t\t\n\t\t\t\t$('#dtex').val(10000 \/nm_deger);\n\t\t\t\t\n\t\t\t\t$('#denye').val(9000 \/ nm_deger);\n\t\t\t\t\n\n            }\t \n\t\t\telse \n\t\t\t{\n\t\t\t\t\n\t\t\t\talert(\"FILL ALL THE BLANKS\");\n\t\t\t}\n\t\n}\nfunction ipliknohesap2()\n{\n\t if ($('#nm2').val() != \"\")\n       {\n\t\t    nm2=$('#nm2').val();\n\t\t\t nm2=nm2.replace(\",\",\".\");\n\t\t\t nm_deger=nm2;\n\t\t   \t$('#nm2').val(nm_deger);\n\t\t   \n\t\t    $('#ne2').val(0.59 *nm_deger);\n\t\t\t\t\n\t\t\t$('#nf2').val(0.5 *nm_deger);\n\t\t\t\t\n\t\t\t$('#nel2').val(1.654 *nm_deger);\n\t\t\t\t\n\t\t\t$('#nek2').val(0.886 *nm_deger);\n\t\t\t\t\n\t\t\t$('#neW2').val(1.938 *nm_deger);\n\t\t\t\t\n\t\t\t$('#tex2').val(1000 \/nm_deger);\n\t\t\t\t\n\t\t\t$('#dtex2').val(10000 \/nm_deger);\n\t\t\t\t\n\t\t\t$('#denye2').val(9000 \/ nm_deger);\n\t\t\t\n\t\t}\n\n         else if ($('#denye2').val() != \"\")\n         {\n\t\t\t denye2=$('#denye2').val();\n\t\t\t denye2=denye2.replace(\",\",\".\");\n\n\t\t\t nm_deger=9000\/denye2;\n                    \n\t\t\t $('#nm2').val(nm_deger);\n\t\t   \n\t\t    $('#ne2').val(0.59 *nm_deger);\n\t\t\t\t\n\t\t\t$('#nf2').val(0.5 *nm_deger);\n\t\t\t\t\n\t\t\t$('#nel2').val(1.654 *nm_deger);\n\t\t\t\t\n\t\t\t$('#nek2').val(0.886 *nm_deger);\n\t\t\t\t\n\t\t\t$('#neW2').val(1.938 *nm_deger);\n\t\t\t\t\n\t\t\t$('#tex2').val(1000 \/nm_deger);\n\t\t\t\t\n\t\t\t$('#dtex2').val(10000 \/nm_deger);\n\t\t\t\t\n\t\t\t$('#denye2').val(9000 \/ nm_deger);\n                \n\t\t  }\n\t\t  \n          else if ($('#ne2').val()!= \"\")\n          {\n\t\t\t   ne2=$('#ne2').val();\n\t\t\t ne2=ne2.replace(\",\",\".\");\n\t\t\tnm_deger = ne2 \/ 0.5905;\n                   \n           $('#nm2').val(nm_deger);\n\t\t   \n\t\t \n\t\t\t\t\n\t\t\t$('#nf2').val(0.5 *nm_deger);\n\t\t\t\t\n\t\t\t$('#nel2').val(1.654 *nm_deger);\n\t\t\t\t\n\t\t\t$('#nek2').val(0.886 *nm_deger);\n\t\t\t\t\n\t\t\t$('#neW2').val(1.938 *nm_deger);\n\t\t\t\t\n\t\t\t$('#tex2').val(1000 \/nm_deger);\n\t\t\t\t\n\t\t\t$('#dtex2').val(10000 \/nm_deger);\n\t\t\t\t\n\t\t\t$('#denye2').val(9000 \/ nm_deger);\n\t\t  }\n           else if ($('#nf2').val() != \"\")\n          {\n\t\t\t   nf2=$('#nf2').val();\n\t\t\t nf2=nf2.replace(\",\",\".\");\n                    nm_deger = 2 * nf2;\n                   \n                   \t$('#nm2').val(nm_deger);\n\t\t   \n\t\t    $('#ne2').val(0.59 *nm_deger);\n\t\t\t\t\n\t\t\t$('#nf2').val(0.5 *nm_deger);\n\t\t\t\t\n\t\t\t$('#nel2').val(1.654 *nm_deger);\n\t\t\t\t\n\t\t\t$('#nek2').val(0.886 *nm_deger);\n\t\t\t\t\n\t\t\t$('#neW2').val(1.938 *nm_deger);\n\t\t\t\t\n\t\t\t$('#tex2').val(1000 \/nm_deger);\n\t\t\t\t\n\t\t\t$('#dtex2').val(10000 \/nm_deger);\n\t\t\t\t\n\t\t\t$('#denye2').val(9000 \/ nm_deger);\n        }\n\t\t\n         else if ($('#nel2').val() != \"\")\n         {\n\t\t\t  nel2=$('#nel2').val();\n\t\t\t nel2=nel2.replace(\",\",\".\");\n            nm_deger = 0.605 * nel2;\n                    \n           $('#nm2').val(nm_deger);\n\t\t   \n\t\t    $('#ne2').val(0.59 *nm_deger);\n\t\t\t\t\n\t\t\t$('#nf2').val(0.5 *nm_deger);\n\t\t\t\t\n\t\t\t$('#nel2').val(1.654 *nm_deger);\n\t\t\t\t\n\t\t\t$('#nek2').val(0.886 *nm_deger);\n\t\t\t\t\n\t\t\t$('#neW2').val(1.938 *nm_deger);\n\t\t\t\t\n\t\t\t$('#tex2').val(1000 \/nm_deger);\n\t\t\t\t\n\t\t\t$('#dtex2').val(10000 \/nm_deger);\n\t\t\t\t\n\t\t\t$('#denye2').val(9000 \/ nm_deger);\n                \n\t\t}\n                \n\t\telse if ($('#nek2').val() != \"\")\n        {\n\t\t\t nek2=$('#nek2').val();\n\t\t\t nek2=nek2.replace(\",\",\".\");\n           nm_deger = 1.129 * nek2;\n\t\t   \n\t\t   $('#nm2').val(nm_deger);\n\t\t   \n\t\t    $('#ne2').val(0.59 *nm_deger);\n\t\t\t\t\n\t\t\t$('#nf2').val(0.5 *nm_deger);\n\t\t\t\t\n\t\t\t$('#nel2').val(1.654 *nm_deger);\n\t\t\t\t\n\t\t\t$('#nek2').val(0.886 *nm_deger);\n\t\t\t\t\n\t\t\t$('#neW2').val(1.938 *nm_deger);\n\t\t\t\t\n\t\t\t$('#tex2').val(1000 \/nm_deger);\n\t\t\t\t\n\t\t\t$('#dtex2').val(10000 \/nm_deger);\n\t\t\t\t\n\t\t\t$('#denye2').val(9000 \/ nm_deger);\n                \n\t\t}\n\t\telse if ($('#neW2').val() != \"\")\n\t\t{\n\t\t\t neW2=$('#neW2').val();\n\t\t\t neW2=neW2.replace(\",\",\".\");\n\t\t\tnm_deger = 0.516 * neW2;\n\t\t\t\n\t\t\t$('#nm2').val(nm_deger);\n\t\t   \n\t\t    $('#ne2').val(0.59 *nm_deger);\n\t\t\t\t\n\t\t\t$('#nf2').val(0.5 *nm_deger);\n\t\t\t\t\n\t\t\t$('#nel2').val(1.654 *nm_deger);\n\t\t\t\t\n\t\t\t$('#nek2').val(0.886 *nm_deger);\n\t\t\t\t\n\t\t\t$('#neW2').val(1.938 *nm_deger);\n\t\t\t\t\n\t\t\t$('#tex2').val(1000 \/nm_deger);\n\t\t\t\t\n\t\t\t$('#dtex2').val(10000 \/nm_deger);\n\t\t\t\t\n\t\t\t$('#denye2').val(9000 \/ nm_deger);\n                \n\t\t}\n\t\t\n\t\telse if ($('#tex2').val() != \"\")\n\t\t{\n\t\t\ttex2=$('#tex2').val();\n\t\t\t tex2=tex2.replace(\",\",\".\");\n\t\t\tnm_deger = 1000 \/ tex2;\n\t\t\t\n\t\t\t$('#nm2').val(nm_deger);\n\t\t   \n\t\t    $('#ne2').val(0.59 *nm_deger);\n\t\t\t\t\n\t\t\t$('#nf2').val(0.5 *nm_deger);\n\t\t\t\t\n\t\t\t$('#nel2').val(1.654 *nm_deger);\n\t\t\t\t\n\t\t\t$('#nek2').val(0.886 *nm_deger);\n\t\t\t\t\n\t\t\t$('#neW2').val(1.938 *nm_deger);\n\t\t\t\t\n\t\t\t$('#tex2').val(1000 \/nm_deger);\n\t\t\t\t\n\t\t\t$('#dtex2').val(10000 \/nm_deger);\n\t\t\t\t\n\t\t\t$('#denye2').val(9000 \/ nm_deger);\n\t\t}\n\t\t\n\t\telse if ($('#dtex2').val() != \"\")\n       {\n\t\t   dtex2=$('#dtex2').val();\n\t\t\t dtex2=dtex2.replace(\",\",\".\");\n\t\t    \n\t\t   nm_deger = 10000 \/dtex2;\n\t\t   \n\t\t   $('#nm2').val(nm_deger);\n\t\t   \n\t\t    $('#ne2').val(0.59 *nm_deger);\n\t\t\t\t\n\t\t\t$('#nf2').val(0.5 *nm_deger);\n\t\t\t\t\n\t\t\t$('#nel2').val(1.654 *nm_deger);\n\t\t\t\t\n\t\t\t$('#nek2').val(0.886 *nm_deger);\n\t\t\t\t\n\t\t\t$('#neW2').val(1.938 *nm_deger);\n\t\t\t\t\n\t\t\t$('#tex2').val(1000 \/nm_deger);\n\t\t\t\t\n\t\t\t$('#dtex2').val(10000 \/nm_deger);\n\t\t\t\t\n\t\t\t$('#denye2').val(9000 \/ nm_deger);\n                \n\t\t}\n}\n\n\n$(document).ready(function(e) {\n\t\n\t\n\t$('#hesapbuton').click(function() {\n\t\tipliknohesap();\n\t});\n\t$('#temizlebuton').click(function() {\n\t\tipliknotemizle();\n\t});\n\t\n\t$('#hesapbuton2').click(function() {\n\t\tipliknohesap2();\n\t});\n\t$('#temizlebuton2').click(function() {\n\t\tipliknotemizle2();\n\t});\n});\n\n\n<\/script>\n\n<\/head>\n\n<body>\n<div style=\"width:1050px; margin : 0 auto;position:relative; \">\n\n<fieldset><h2 style=\"text-align:center; text-decoration: underline;\">YARN COUNT CALCULATION<\/h2>\nYOU CAN CALCULATE THE YARN COUNT BY ENTERING THE YARN LENGTH AND YARN WEIGHT\n <br>\n <br>\n <div><label for=\"ipuzunluk\">YARN LENGTH (cm)<\/label><input name=\"ipuzunluk\" type=\"text\" id=\"ipuzunluk\">&nbsp;&nbsp;\n <label for=\"ipagirlik\">YARN WEIGHT (gr)<\/label><input name=\"ipagirlik\" type=\"text\" id=\"ipagirlik\">\n &nbsp;&nbsp;\n <img loading=\"lazy\" decoding=\"async\" src=\"https:\/\/pfdtekstil.com\/calc\/hesapla2.jpg\" width=\"75\" height=\"22\" hspace=\"5\" id=\"hesapbuton\">\n <img loading=\"lazy\" decoding=\"async\" src=\"https:\/\/pfdtekstil.com\/calc\/temizle2.jpg\" width=\"64\" height=\"22\" hspace=\"5\" id=\"temizlebuton\"><\/div>\n <hr size=\"1\">\n <div>\n <label for=\"nm\">Nm<\/label>&nbsp;<input name=\"nm\" type=\"text\" id=\"nm\" class=\"dar\" disabled=\"disabled\">&nbsp;&nbsp;\n <label for=\"ne\">Ne<\/label>&nbsp;<input name=\"ne\" type=\"text\" id=\"ne\" class=\"dar\" disabled=\"disabled\">&nbsp;&nbsp;\n <label for=\"nf\">Nf<\/label>&nbsp;<input name=\"nf\" type=\"text\" id=\"nf\" class=\"dar\" disabled=\"disabled\">&nbsp;&nbsp;\n <label for=\"nel\">NeL<\/label>&nbsp;<input name=\"nel\" type=\"text\" id=\"nel\" class=\"dar\" disabled=\"disabled\">&nbsp;&nbsp;\n <label for=\"nek\">NeK<\/label>&nbsp;<input name=\"nek\" type=\"text\" id=\"nek\" class=\"dar\" disabled=\"disabled\">&nbsp;&nbsp;\n <label for=\"neW\">NeW<\/label>&nbsp;<input name=\"neW\" type=\"text\" id=\"neW\" class=\"dar\" disabled=\"disabled\">&nbsp;&nbsp;\n <label for=\"tex\">Tex<\/label>&nbsp;<input name=\"tex\" type=\"text\" id=\"tex\" class=\"dar\" disabled=\"disabled\">&nbsp;&nbsp;\n <label for=\"dtex\">Dtex<\/label>&nbsp;<input name=\"dtex\" type=\"text\" id=\"dtex\" class=\"dar\" disabled=\"disabled\">&nbsp;&nbsp;\n <label for=\"denye\">Den<\/label>&nbsp;<input name=\"denye\" type=\"text\" id=\"denye\" class=\"dar\" disabled=\"disabled\">\n \n <\/div>\n \n \n<\/fieldset>\n\n<hr size=\"3\">\n\n<fieldset><h2 style=\"text-align:center; text-decoration: underline;\">YARN COUNT CONVERTER<\/h2>\n\n YOU CAN ENTER THE VALUE YOU WANT TO CONVERT AND CALCULATE THE OTHER VALUES \n <br>\n <br>\n <div>\n <label for=\"nm2\">Nm<\/label>&nbsp;<input name=\"nm\" type=\"text\" id=\"nm2\" class=\"dar\">&nbsp;&nbsp;&nbsp;\n <label for=\"ne2\">Ne<\/label>&nbsp;<input name=\"ne\" type=\"text\" id=\"ne2\" class=\"dar\">&nbsp;&nbsp;&nbsp;\n <label for=\"nf2\">Nf<\/label>&nbsp;<input name=\"nf\" type=\"text\" id=\"nf2\" class=\"dar\">&nbsp;&nbsp;&nbsp;\n <label for=\"nel2\">NeL<\/label>&nbsp;<input name=\"nel\" type=\"text\" id=\"nel2\" class=\"dar\">&nbsp;&nbsp;&nbsp;\n <label for=\"nek2\">NeK<\/label>&nbsp;<input name=\"nek\" type=\"text\" id=\"nek2\" class=\"dar\">&nbsp;&nbsp;&nbsp;\n <label for=\"neW2\">NeW<\/label>&nbsp;<input name=\"neW\" type=\"text\" id=\"neW2\" class=\"dar\">&nbsp;&nbsp;&nbsp;\n <label for=\"tex2\">Tex<\/label>&nbsp;<input name=\"tex\" type=\"text\" id=\"tex2\" class=\"dar\">&nbsp;&nbsp;&nbsp;\n <label for=\"dtex2\">Dtex<\/label>&nbsp;<input name=\"dtex\" type=\"text\" id=\"dtex2\" class=\"dar\">&nbsp;&nbsp;&nbsp;\n <label for=\"denye2\">Den<\/label>&nbsp;<input name=\"denye\" type=\"text\" id=\"denye2\" class=\"dar\">\n <br>\n  <br>\n <\/div>\n  <div>\n \n <img loading=\"lazy\" decoding=\"async\" src=\"https:\/\/pfdtekstil.com\/calc\/hesapla2.jpg\" width=\"75\" height=\"22\" hspace=\"5\" id=\"hesapbuton2\"><img loading=\"lazy\" decoding=\"async\" src=\"https:\/\/pfdtekstil.com\/calc\/temizle2.jpg\" width=\"64\" height=\"22\" hspace=\"5\" id=\"temizlebuton2\"><\/div>\n \n<\/fieldset>\n<fieldset>\n  <table width=\"1006\" height=\"412\" border=\"1\">\n  <tr>\n    <td width=\"54\">&nbsp;<label>Nm<\/label><\/td>\n    <td width=\"266\">&nbsp;<label style=\"font-size:10px; text-align:left;\">METRIC NUMBERING SYSTEM:\nDEFINED AS THE LENGTH VALUE IN METERS OF 1 GRAM OF TEXTILE MATERIAL. IT IS AN INDIRECT NUMBERING SYSTEM.\nTHIS SYSTEM USES THE SI (SYSTEME INTERNATIONAL) UNIT SYSTEM.\nNM = LENGTH\/WEIGHT = L\/G = KM\/KG = M\/G = MM\/MG (L = LANZE = LENGTH OF THE YARN, G = GEWICHT = WEIGHT OF THE YARN) <\/label><\/td>\n    <td width=\"54\">&nbsp;<label>NeL<\/label><\/td>\n    <td width=\"266\">&nbsp;<label style=\"font-size:10px; text-align:left;\">ENGLISH FLAX YARN NUMBERING SYSTEM:\nDEFINED AS THE LENGTH VALUE IN HANKS OF A TEXTILE MATERIAL WEIGHING 1 POUND.\nIT IS AN INDIRECT NUMBERING SYSTEM.\nNeL = LENGTH\/WEIGHT = HANK\/POUND (1 HANK (HK) = 300 YARDS = 274.2 METERS FOR FLAX YARN) <\/label><\/td>\n    <td width=\"54\">&nbsp;<label>Tex<\/label><\/td>\n    <td width=\"266\">&nbsp;<label style=\"font-size:10px; text-align:left;\">TEX NUMBERING SYSTEM:\nDEFINED AS THE WEIGHT VALUE IN GRAMS OF A TEXTILE MATERIAL THAT IS 1000 METERS IN LENGTH.\nIT IS A DIRECT NUMBERING SYSTEM. THIS SYSTEM USES THE SI (SYSTEME INTERNATIONAL) UNIT SYSTEM.\nWEIGHT IS EXPRESSED IN GRAMS, AND LENGTH IS EXPRESSED IN METERS.\nTEX = (WEIGHT * 1000) \/ LENGTH.&#8221; <\/label><\/td>\n  <\/tr>\n  <tr>\n    <td>&nbsp;<label>Ne<\/label><\/td>\n    <td>&nbsp;<label style=\"font-size:10px; text-align:left;\">ENGLISH YARN COUNT NUMBERING SYSTEM:<br>\n      DEFINED AS THE LENGTH VALUE IN HANKS OF A TEXTILE MATERIAL WEIGHING 1 POUND.<br>\n      IT IS AN INDIRECT NUMBERING SYSTEM.<br>\n      (NE, NEC, NEB, S) = LENGTH\/WEIGHT = HANK\/POUND (1 HANK (HK) = 840 YARDS = 768 METERS FOR COTTON YARN)<\/label> <\/td>\n    <td>&nbsp;<label>NeK<\/label><\/td>\n    <td>&nbsp;<label style=\"font-size:10px; text-align:left;\">ENGLISH WORSTED YARN NUMBERING SYSTEM:\nDEFINED AS THE LENGTH VALUE IN HANKS OF A TEXTILE MATERIAL WEIGHING 1 POUND.\nIT IS AN INDIRECT NUMBERING SYSTEM.\nNeK = LENGTH\/WEIGHT = HANK\/POUND (1 HANK (HK) = 560 YARDS = 512 METERS FOR WORSTED YARN) <\/label><\/td>\n    <td>&nbsp;<label>DTex<\/label><\/td>\n    <td>&nbsp;<label style=\"font-size:10px; text-align:left;\">DECITEX NUMBERING SYSTEM:\nDEFINED AS THE WEIGHT VALUE IN GRAMS OF A TEXTILE MATERIAL THAT IS 10,000 METERS IN LENGTH.\nIT IS A DIRECT NUMBERING SYSTEM. THIS SYSTEM USES THE SI (SYSTEME INTERNATIONAL) UNIT SYSTEM.\nWEIGHT IS EXPRESSED IN GRAMS, AND LENGTH IS EXPRESSED IN METERS.\nDTEX = (WEIGHT * 10,000) \/ LENGTH. <\/label><\/td>\n  <\/tr>\n  <tr>\n    <td>&nbsp;<label>Nf<\/label><\/td>\n    <td>&nbsp;<label style=\"font-size:10px; text-align:left;\">FRENCH NUMBERING SYSTEM:\nDEFINED AS THE LENGTH VALUE IN METERS OF A TEXTILE MATERIAL WEIGHING 0.5 GRAMS.\nIT IS AN INDIRECT NUMBERING SYSTEM.\nTHIS SYSTEM USES THE SI (SYSTEME INTERNATIONAL) UNIT SYSTEM.\nNf = LENGTH\/WEIGHT. <\/label><\/td>\n    <td>&nbsp;<label>NeW<\/label><\/td>\n    <td>&nbsp;<label style=\"font-size:10px; text-align:left;\">ENGLISH STRAYHGARN YARN NUMBERING SYSTEM:\nDEFINED AS THE LENGTH VALUE IN HANKS OF A TEXTILE MATERIAL WEIGHING 1 POUND.\nIT IS AN INDIRECT NUMBERING SYSTEM.\nNEW = LENGTH\/WEIGHT = HANK\/POUND (1 HANK (HK) = 256 YARDS = 234 METERS FOR STRAYHGARN YARN) <\/label><\/td>\n    <td>&nbsp;<label>DENIER<\/label><\/td>\n    <td>&nbsp;<label style=\"font-size:10px; text-align:left;\">&#8220;DENIER NUMBERING SYSTEM:\nDEFINED AS THE WEIGHT VALUE IN GRAMS OF A TEXTILE MATERIAL THAT IS 9,000 METERS IN LENGTH.\nIT IS A DIRECT NUMBERING SYSTEM. THIS SYSTEM USES THE SI (SYSTEME INTERNATIONAL) UNIT SYSTEM.\nWEIGHT IS EXPRESSED IN GRAMS, AND LENGTH IS EXPRESSED IN METERS.\nDENIER = (WEIGHT * 9,000) \/ LENGTH. <\/label><\/td>\n  <\/tr>\n<\/table>\n<\/fieldset>\n\n<\/div><!--end\u0131\u015f-->\n<\/body>\n\n<!--  -->\n\n<!--  -->\n<\/html>\n","protected":false},"excerpt":{"rendered":"<p>\u0130plik Numara Hesaplama ve D\u00f6n\u00fc\u015f\u00fcm Tablosu YARN COUNT CALCULATION YOU CAN CALCULATE THE YARN COUNT BY ENTERING THE YARN LENGTH AND YARN WEIGHT YARN LENGTH (cm)&nbsp;&nbsp; YARN WEIGHT (gr) &nbsp;&nbsp; Nm&nbsp;&nbsp;&nbsp; Ne&nbsp;&nbsp;&nbsp; Nf&nbsp;&nbsp;&nbsp; NeL&nbsp;&nbsp;&nbsp; NeK&nbsp;&nbsp;&nbsp; NeW&nbsp;&nbsp;&nbsp; Tex&nbsp;&nbsp;&nbsp; Dtex&nbsp;&nbsp;&nbsp; Den&nbsp; YARN COUNT CONVERTER YOU CAN ENTER THE VALUE YOU WANT TO CONVERT AND CALCULATE THE OTHER &#8230; <a title=\"Calculator\" class=\"read-more\" href=\"https:\/\/pfdtekstil.com\/index.php\/calculator\/\" aria-label=\"Read more about Calculator\">Read more<\/a><\/p>\n","protected":false},"author":1,"featured_media":18,"parent":0,"menu_order":0,"comment_status":"closed","ping_status":"closed","template":"","meta":{"footnotes":""},"class_list":["post-5654","page","type-page","status-publish","has-post-thumbnail"],"_links":{"self":[{"href":"https:\/\/pfdtekstil.com\/index.php\/wp-json\/wp\/v2\/pages\/5654","targetHints":{"allow":["GET"]}}],"collection":[{"href":"https:\/\/pfdtekstil.com\/index.php\/wp-json\/wp\/v2\/pages"}],"about":[{"href":"https:\/\/pfdtekstil.com\/index.php\/wp-json\/wp\/v2\/types\/page"}],"author":[{"embeddable":true,"href":"https:\/\/pfdtekstil.com\/index.php\/wp-json\/wp\/v2\/users\/1"}],"replies":[{"embeddable":true,"href":"https:\/\/pfdtekstil.com\/index.php\/wp-json\/wp\/v2\/comments?post=5654"}],"version-history":[{"count":20,"href":"https:\/\/pfdtekstil.com\/index.php\/wp-json\/wp\/v2\/pages\/5654\/revisions"}],"predecessor-version":[{"id":5713,"href":"https:\/\/pfdtekstil.com\/index.php\/wp-json\/wp\/v2\/pages\/5654\/revisions\/5713"}],"wp:featuredmedia":[{"embeddable":true,"href":"https:\/\/pfdtekstil.com\/index.php\/wp-json\/wp\/v2\/media\/18"}],"wp:attachment":[{"href":"https:\/\/pfdtekstil.com\/index.php\/wp-json\/wp\/v2\/media?parent=5654"}],"curies":[{"name":"wp","href":"https:\/\/api.w.org\/{rel}","templated":true}]}}